{"id":896,"date":"2021-05-18T04:40:38","date_gmt":"2021-05-18T04:40:38","guid":{"rendered":"https:\/\/scherand.com\/index.php\/about-us\/"},"modified":"2023-03-29T22:31:55","modified_gmt":"2023-03-29T22:31:55","slug":"about-us","status":"publish","type":"page","link":"https:\/\/scherand.com\/index.php\/about-us\/","title":{"rendered":"Acerca de Nosotros"},"content":{"rendered":"\t\t<div data-elementor-type=\"wp-page\" data-elementor-id=\"896\" class=\"elementor elementor-896\">\n\t\t\t\t\t\t<section class=\"elementor-section elementor-top-section elementor-element elementor-element-b6d786e elementor-section-content-middle elementor-section-boxed elementor-section-height-default elementor-section-height-default\" data-id=\"b6d786e\" data-element_type=\"section\" data-settings=\"{&quot;background_background&quot;:&quot;classic&quot;}\">\n\t\t\t\t\t\t<div class=\"elementor-container elementor-column-gap-no\">\n\t\t\t\t\t<div class=\"elementor-column elementor-col-33 elementor-top-column elementor-element elementor-element-d2f1e5f\" data-id=\"d2f1e5f\" data-element_type=\"column\">\n\t\t\t<div class=\"elementor-widget-wrap elementor-element-populated\">\n\t\t\t\t\t\t<div class=\"elementor-element elementor-element-8c02fa3 elementor-widget-mobile__width-inherit elementor-widget elementor-widget-heading\" data-id=\"8c02fa3\" data-element_type=\"widget\" data-widget_type=\"heading.default\">\n\t\t\t\t<div class=\"elementor-widget-container\">\n\t\t\t<h1 class=\"elementor-heading-title elementor-size-default\">Acerca de nosotros<\/h1>\t\t<\/div>\n\t\t\t\t<\/div>\n\t\t\t\t\t<\/div>\n\t\t<\/div>\n\t\t\t\t<div class=\"elementor-column elementor-col-66 elementor-top-column elementor-element elementor-element-b2b8baf\" data-id=\"b2b8baf\" data-element_type=\"column\">\n\t\t\t<div class=\"elementor-widget-wrap elementor-element-populated\">\n\t\t\t\t\t\t<div class=\"elementor-element elementor-element-d27d16f elementor-invisible elementor-widget elementor-widget-image\" data-id=\"d27d16f\" data-element_type=\"widget\" data-settings=\"{&quot;_animation&quot;:&quot;fadeIn&quot;,&quot;_animation_mobile&quot;:&quot;fadeIn&quot;,&quot;_animation_delay&quot;:400}\" data-widget_type=\"image.default\">\n\t\t\t\t<div class=\"elementor-widget-container\">\n\t\t\t\t\t\t\t\t\t\t\t\t\t<img fetchpriority=\"high\" decoding=\"async\" width=\"768\" height=\"432\" src=\"https:\/\/scherand.com\/wp-content\/uploads\/2023\/03\/collage-Scherand.-FINAL-768x432.jpg\" class=\"attachment-medium_large size-medium_large wp-image-1422\" alt=\"\" srcset=\"https:\/\/scherand.com\/wp-content\/uploads\/2023\/03\/collage-Scherand.-FINAL-768x432.jpg 768w, https:\/\/scherand.com\/wp-content\/uploads\/2023\/03\/collage-Scherand.-FINAL-300x169.jpg 300w, https:\/\/scherand.com\/wp-content\/uploads\/2023\/03\/collage-Scherand.-FINAL-1024x576.jpg 1024w, https:\/\/scherand.com\/wp-content\/uploads\/2023\/03\/collage-Scherand.-FINAL.jpg 1280w\" sizes=\"(max-width: 768px) 100vw, 768px\" \/>\t\t\t\t\t\t\t\t\t\t\t\t\t<\/div>\n\t\t\t\t<\/div>\n\t\t\t\t<div class=\"elementor-element elementor-element-d597343 elementor-widget-divider--view-line elementor-widget elementor-widget-divider\" data-id=\"d597343\" data-element_type=\"widget\" data-widget_type=\"divider.default\">\n\t\t\t\t<div class=\"elementor-widget-container\">\n\t\t\t\t\t<div class=\"elementor-divider\">\n\t\t\t<span class=\"elementor-divider-separator\">\n\t\t\t\t\t\t<\/span>\n\t\t<\/div>\n\t\t\t\t<\/div>\n\t\t\t\t<\/div>\n\t\t\t\t\t<\/div>\n\t\t<\/div>\n\t\t\t\t\t<\/div>\n\t\t<\/section>\n\t\t\t\t<section class=\"elementor-section elementor-top-section elementor-element elementor-element-0d69976 elementor-section-boxed elementor-section-height-default elementor-section-height-default\" data-id=\"0d69976\" data-element_type=\"section\">\n\t\t\t\t\t\t<div class=\"elementor-container elementor-column-gap-default\">\n\t\t\t\t\t<div class=\"elementor-column elementor-col-100 elementor-top-column elementor-element elementor-element-037d818\" data-id=\"037d818\" data-element_type=\"column\">\n\t\t\t<div class=\"elementor-widget-wrap elementor-element-populated\">\n\t\t\t\t\t\t<div class=\"elementor-element elementor-element-f69991d elementor-widget elementor-widget-heading\" data-id=\"f69991d\" data-element_type=\"widget\" data-widget_type=\"heading.default\">\n\t\t\t\t<div class=\"elementor-widget-container\">\n\t\t\t<h4 class=\"elementor-heading-title elementor-size-default\">Scherand es una empresa orientada a satisfacer las t\u00e9cnicas, administrativas y\/o comerciales de las organizaciones a trav\u00e9s de servicios de consultor\u00eda y capacitaci\u00f3n en normatividad ISO 9001:2015, ISO 14001:2015 e ISO 45001:2018 con un alto nivel profesional.<\/h4>\t\t<\/div>\n\t\t\t\t<\/div>\n\t\t\t\t\t<\/div>\n\t\t<\/div>\n\t\t\t\t\t<\/div>\n\t\t<\/section>\n\t\t\t\t<section class=\"elementor-section elementor-top-section elementor-element elementor-element-52c9cd0 elementor-section-boxed elementor-section-height-default elementor-section-height-default\" data-id=\"52c9cd0\" data-element_type=\"section\">\n\t\t\t\t\t\t<div class=\"elementor-container elementor-column-gap-default\">\n\t\t\t\t\t<div class=\"elementor-column elementor-col-100 elementor-top-column elementor-element elementor-element-6ed6691\" data-id=\"6ed6691\" data-element_type=\"column\">\n\t\t\t<div class=\"elementor-widget-wrap elementor-element-populated\">\n\t\t\t\t\t\t<div class=\"elementor-element elementor-element-6db81e4 elementor-widget elementor-widget-heading\" data-id=\"6db81e4\" data-element_type=\"widget\" data-widget_type=\"heading.default\">\n\t\t\t\t<div class=\"elementor-widget-container\">\n\t\t\t<h5 class=\"elementor-heading-title elementor-size-default\"> Somos una empresa con m\u00e1s de 15 a\u00f1os en el mercado con una amplia experiencia en el sector p\u00fablico y privado tanto en M\u00e9xico como en el extranjero.\n<\/h5>\t\t<\/div>\n\t\t\t\t<\/div>\n\t\t\t\t\t<\/div>\n\t\t<\/div>\n\t\t\t\t\t<\/div>\n\t\t<\/section>\n\t\t\t\t<section class=\"elementor-section elementor-top-section elementor-element elementor-element-061a745 elementor-section-boxed elementor-section-height-default elementor-section-height-default\" data-id=\"061a745\" data-element_type=\"section\" data-settings=\"{&quot;background_background&quot;:&quot;classic&quot;}\">\n\t\t\t\t\t\t<div class=\"elementor-container elementor-column-gap-no\">\n\t\t\t\t\t<div class=\"elementor-column elementor-col-100 elementor-top-column elementor-element elementor-element-b9e486f\" data-id=\"b9e486f\" data-element_type=\"column\">\n\t\t\t<div class=\"elementor-widget-wrap elementor-element-populated\">\n\t\t\t\t\t\t<div class=\"elementor-element elementor-element-8cb829c elementor-widget elementor-widget-heading\" data-id=\"8cb829c\" data-element_type=\"widget\" data-widget_type=\"heading.default\">\n\t\t\t\t<div class=\"elementor-widget-container\">\n\t\t\t<h2 class=\"elementor-heading-title elementor-size-default\">Capacitamos a tu personal <\/h2>\t\t<\/div>\n\t\t\t\t<\/div>\n\t\t\t\t<div class=\"elementor-element elementor-element-ece1ba3 elementor-position-left elementor-vertical-align-top elementor-widget elementor-widget-image-box\" data-id=\"ece1ba3\" data-element_type=\"widget\" data-widget_type=\"image-box.default\">\n\t\t\t\t<div class=\"elementor-widget-container\">\n\t\t\t<div class=\"elementor-image-box-wrapper\"><figure class=\"elementor-image-box-img\"><img decoding=\"async\" width=\"1170\" height=\"863\" src=\"https:\/\/scherand.com\/wp-content\/uploads\/2023\/03\/WhatsApp-Image-2023-03-27-at-14.43.56.jpeg\" class=\"attachment-full size-full wp-image-1356\" alt=\"\" srcset=\"https:\/\/scherand.com\/wp-content\/uploads\/2023\/03\/WhatsApp-Image-2023-03-27-at-14.43.56.jpeg 1170w, https:\/\/scherand.com\/wp-content\/uploads\/2023\/03\/WhatsApp-Image-2023-03-27-at-14.43.56-300x221.jpeg 300w, https:\/\/scherand.com\/wp-content\/uploads\/2023\/03\/WhatsApp-Image-2023-03-27-at-14.43.56-1024x755.jpeg 1024w, https:\/\/scherand.com\/wp-content\/uploads\/2023\/03\/WhatsApp-Image-2023-03-27-at-14.43.56-768x566.jpeg 768w\" sizes=\"(max-width: 1170px) 100vw, 1170px\" \/><\/figure><div class=\"elementor-image-box-content\"><h4 class=\"elementor-image-box-title\">Scherand est\u00e1 integrada por auditores calificados, con experiencia nacional e internacional en la impartici\u00f3n de cursos y asesor\u00edas a empresas de servicios y manufactura, tanto privadas como p\u00fablicas.<\/h4><\/div><\/div>\t\t<\/div>\n\t\t\t\t<\/div>\n\t\t\t\t<section class=\"elementor-section elementor-inner-section elementor-element elementor-element-415057e elementor-section-boxed elementor-section-height-default elementor-section-height-default\" data-id=\"415057e\" data-element_type=\"section\">\n\t\t\t\t\t\t<div class=\"elementor-container elementor-column-gap-default\">\n\t\t\t\t\t<div class=\"elementor-column elementor-col-33 elementor-inner-column elementor-element elementor-element-aa5b0c0\" data-id=\"aa5b0c0\" data-element_type=\"column\">\n\t\t\t<div class=\"elementor-widget-wrap elementor-element-populated\">\n\t\t\t\t\t\t<div class=\"elementor-element elementor-element-19224f0 elementor-vertical-align-top elementor-widget elementor-widget-image-box\" data-id=\"19224f0\" data-element_type=\"widget\" data-widget_type=\"image-box.default\">\n\t\t\t\t<div class=\"elementor-widget-container\">\n\t\t\t<div class=\"elementor-image-box-wrapper\"><div class=\"elementor-image-box-content\"><h3 class=\"elementor-image-box-title\">Misi\u00f3n.<\/h3><p class=\"elementor-image-box-description\">Brindar los servicios de capacitaci\u00f3n y asesor\u00eda en materia de normatividad nacional e internacional tanto en el sector p\u00fablico como privado, a precios competitivos, con el fin de crear una cultura de calidad empresarial y contribuir de esta forma al desarrollo econ\u00f3mico del pa\u00eds. <\/p><\/div><\/div>\t\t<\/div>\n\t\t\t\t<\/div>\n\t\t\t\t\t<\/div>\n\t\t<\/div>\n\t\t\t\t<div class=\"elementor-column elementor-col-33 elementor-inner-column elementor-element elementor-element-6ee930e\" data-id=\"6ee930e\" data-element_type=\"column\">\n\t\t\t<div class=\"elementor-widget-wrap elementor-element-populated\">\n\t\t\t\t\t\t<div class=\"elementor-element elementor-element-bf22985 elementor-vertical-align-top elementor-widget elementor-widget-image-box\" data-id=\"bf22985\" data-element_type=\"widget\" data-widget_type=\"image-box.default\">\n\t\t\t\t<div class=\"elementor-widget-container\">\n\t\t\t<div class=\"elementor-image-box-wrapper\"><div class=\"elementor-image-box-content\"><h3 class=\"elementor-image-box-title\">Visi\u00f3n.<\/h3><p class=\"elementor-image-box-description\">Ser la empresa l\u00edder en consultor\u00eda y capacitaci\u00f3n en normatividad de M\u00e9xico.<\/p><\/div><\/div>\t\t<\/div>\n\t\t\t\t<\/div>\n\t\t\t\t\t<\/div>\n\t\t<\/div>\n\t\t\t\t<div class=\"elementor-column elementor-col-33 elementor-inner-column elementor-element elementor-element-4fc94fe\" data-id=\"4fc94fe\" data-element_type=\"column\">\n\t\t\t<div class=\"elementor-widget-wrap elementor-element-populated\">\n\t\t\t\t\t\t<div class=\"elementor-element elementor-element-6154cd9 elementor-vertical-align-top elementor-widget elementor-widget-image-box\" data-id=\"6154cd9\" data-element_type=\"widget\" data-widget_type=\"image-box.default\">\n\t\t\t\t<div class=\"elementor-widget-container\">\n\t\t\t<div class=\"elementor-image-box-wrapper\"><div class=\"elementor-image-box-content\"><h3 class=\"elementor-image-box-title\">Valores.<\/h3><\/div><\/div>\t\t<\/div>\n\t\t\t\t<\/div>\n\t\t\t\t<div class=\"elementor-element elementor-element-883e9c2 elementor-widget elementor-widget-text-editor\" data-id=\"883e9c2\" data-element_type=\"widget\" data-widget_type=\"text-editor.default\">\n\t\t\t\t<div class=\"elementor-widget-container\">\n\t\t\t\t\t\t\t<ul><li>Servicio<\/li><li>Profesionalismo<\/li><li>Trabajo en Equipo<\/li><li>Educaci\u00f3n<\/li><li>Respeto<\/li><\/ul>\t\t\t\t\t\t<\/div>\n\t\t\t\t<\/div>\n\t\t\t\t\t<\/div>\n\t\t<\/div>\n\t\t\t\t\t<\/div>\n\t\t<\/section>\n\t\t\t\t\t<\/div>\n\t\t<\/div>\n\t\t\t\t\t<\/div>\n\t\t<\/section>\n\t\t\t\t<\/div>\n\t\t","protected":false},"excerpt":{"rendered":"<p>Acerca de nosotros Scherand es una empresa orientada a satisfacer las t\u00e9cnicas, administrativas y\/o comerciales de las organizaciones a trav\u00e9s de servicios de consultor\u00eda y capacitaci\u00f3n en normatividad ISO 9001:2015, ISO 14001:2015 e ISO 45001:2018 con un alto nivel profesional. Somos una empresa con m\u00e1s de 15 a\u00f1os en el mercado con una amplia experiencia [&hellip;]<\/p>\n","protected":false},"author":1,"featured_media":0,"parent":0,"menu_order":0,"comment_status":"closed","ping_status":"closed","template":"","meta":{"site-sidebar-layout":"no-sidebar","site-content-layout":"page-builder","ast-site-content-layout":"","site-content-style":"default","site-sidebar-style":"default","ast-global-header-display":"","ast-banner-title-visibility":"","ast-main-header-display":"","ast-hfb-above-header-display":"","ast-hfb-below-header-display":"","ast-hfb-mobile-header-display":"","site-post-title":"disabled","ast-breadcrumbs-content":"","ast-featured-img":"disabled","footer-sml-layout":"","theme-transparent-header-meta":"default","adv-header-id-meta":"","stick-header-meta":"","header-above-stick-meta":"","header-main-stick-meta":"","header-below-stick-meta":"","astra-migrate-meta-layouts":"default","ast-page-background-enabled":"default","ast-page-background-meta":{"desktop":{"background-color":"","background-image":"","background-repeat":"repeat","background-position":"center center","background-size":"auto","background-attachment":"scroll","background-type":"","background-media":"","overlay-type":"","overlay-color":"","overlay-opacity":"","overlay-gradient":""},"tablet":{"background-color":"","background-image":"","background-repeat":"repeat","background-position":"center center","background-size":"auto","background-attachment":"scroll","background-type":"","background-media":"","overlay-type":"","overlay-color":"","overlay-opacity":"","overlay-gradient":""},"mobile":{"background-color":"","background-image":"","background-repeat":"repeat","background-position":"center center","background-size":"auto","background-attachment":"scroll","background-type":"","background-media":"","overlay-type":"","overlay-color":"","overlay-opacity":"","overlay-gradient":""}},"ast-content-background-meta":{"desktop":{"background-color":"var(--ast-global-color-5)","background-image":"","background-repeat":"repeat","background-position":"center center","background-size":"auto","background-attachment":"scroll","background-type":"","background-media":"","overlay-type":"","overlay-color":"","overlay-opacity":"","overlay-gradient":""},"tablet":{"background-color":"var(--ast-global-color-5)","background-image":"","background-repeat":"repeat","background-position":"center center","background-size":"auto","background-attachment":"scroll","background-type":"","background-media":"","overlay-type":"","overlay-color":"","overlay-opacity":"","overlay-gradient":""},"mobile":{"background-color":"var(--ast-global-color-5)","background-image":"","background-repeat":"repeat","background-position":"center center","background-size":"auto","background-attachment":"scroll","background-type":"","background-media":"","overlay-type":"","overlay-color":"","overlay-opacity":"","overlay-gradient":""}},"footnotes":""},"class_list":["post-896","page","type-page","status-publish","hentry"],"_links":{"self":[{"href":"https:\/\/scherand.com\/index.php\/wp-json\/wp\/v2\/pages\/896","targetHints":{"allow":["GET"]}}],"collection":[{"href":"https:\/\/scherand.com\/index.php\/wp-json\/wp\/v2\/pages"}],"about":[{"href":"https:\/\/scherand.com\/index.php\/wp-json\/wp\/v2\/types\/page"}],"author":[{"embeddable":true,"href":"https:\/\/scherand.com\/index.php\/wp-json\/wp\/v2\/users\/1"}],"replies":[{"embeddable":true,"href":"https:\/\/scherand.com\/index.php\/wp-json\/wp\/v2\/comments?post=896"}],"version-history":[{"count":140,"href":"https:\/\/scherand.com\/index.php\/wp-json\/wp\/v2\/pages\/896\/revisions"}],"predecessor-version":[{"id":1523,"href":"https:\/\/scherand.com\/index.php\/wp-json\/wp\/v2\/pages\/896\/revisions\/1523"}],"wp:attachment":[{"href":"https:\/\/scherand.com\/index.php\/wp-json\/wp\/v2\/media?parent=896"}],"curies":[{"name":"wp","href":"https:\/\/api.w.org\/{rel}","templated":true}]}}